{"id":126,"date":"2009-06-09T03:31:17","date_gmt":"2009-06-09T01:31:17","guid":{"rendered":"http:\/\/www.kekorto.es\/?page_id=126"},"modified":"2022-03-09T00:59:27","modified_gmt":"2022-03-08T22:59:27","slug":"equipo","status":"publish","type":"page","link":"https:\/\/www.komuso.es\/kekorto\/equipo\/","title":{"rendered":"Staff"},"content":{"rendered":"<p><strong>Kekorto.<\/strong>\u00a0Un nombre a lo start-up de garaje californiano.\u00a0<strong>Cinco amigos<\/strong>.\u00a0<strong>Otros tantos profesionales del audiovisual<\/strong>. Salidos del mismo huevo primigeneo pero \u00a1c\u00e1scaras! cocinados a fuego lento con diferentes recetas. Realizaci\u00f3n, dise\u00f1o web, ilustraci\u00f3n, gui\u00f3n, periodismo\u2026 Como aquel prisma pentagonal lleno de espejos cuyo reflejo se multiplica en superficies infinitas toc\u00e1ndose y formando nuevas figuras, m\u00e1s ricas que las originales.<\/p>\n<p>En las intersecciones de esta geometr\u00eda casu\u00edstica\u00a0<strong>encontrar\u00e1s cine, comics, dise\u00f1o, cultura, televisi\u00f3n, creatividad, video, publicidad<\/strong>. Cosas que no sab\u00edas o que nadie te dir\u00eda. Cosas sobre las que no se bromear\u00eda, discutir\u00eda o escribir\u00eda. Abre bien los ojos porque Kekorto, con aliteraci\u00f3n de Kas, siempre lograr\u00e1 sorprenderte.<\/p>\n<p><strong>No hay jerarqu\u00eda, hay personas. Aportamos lo que podemos y, si podemos, aportamos. No hay reglas, no hay plazos, solo kekortos. As\u00ed, uno detr\u00e1s de otro. De su padre, de su madre, del vecino. Del Capit\u00e1n Custom, de Sand, de Alberto Payo, de ConchiLL, de Miguel Mtz-Losa o\u00a0de Alberto Silva. Seguimos probando. \u00bfY si funciona?\u00a0Avanzamos con paso firme. Huella digital. Comunicaci\u00f3n Audiovisual. Ja.<\/strong><\/p>\n<p style=\"text-align: center;\"><a href=\"https:\/\/www.komuso.es\/kekorto\/equipo\/alberto-ballester\/\"><img loading=\"lazy\" decoding=\"async\" class=\"size-full wp-image-3951 aligncenter\" title=\"kkstaffCC\" src=\"https:\/\/www.komuso.es\/kekorto\/wp-content\/uploads\/kkstaffcc2.gif\" alt=\"\" width=\"600\" height=\"200\" \/><\/a><\/p>\n<p style=\"text-align: center;\"><a href=\"https:\/\/www.komuso.es\/kekorto\/equipo\/sandra-sand-lopez\/\"><img loading=\"lazy\" decoding=\"async\" class=\"size-full wp-image-3952 aligncenter\" title=\"kkstaffsand\" src=\"https:\/\/www.komuso.es\/kekorto\/wp-content\/uploads\/2009\/06\/kkstaffsand.gif\" alt=\"\" width=\"600\" height=\"200\" srcset=\"https:\/\/www.komuso.es\/kekorto\/wp-content\/uploads\/2009\/06\/kkstaffsand.gif 600w, https:\/\/www.komuso.es\/kekorto\/wp-content\/uploads\/2009\/06\/kkstaffsand-300x100.gif 300w\" sizes=\"(max-width: 600px) 100vw, 600px\" \/><\/a><\/p>\n<p style=\"text-align: center;\"><a href=\"https:\/\/www.komuso.es\/kekorto\/equipo\/alberto-payo\/\"><img loading=\"lazy\" decoding=\"async\" class=\"size-full wp-image-3954 aligncenter\" title=\"kkstaffpayo\" src=\"https:\/\/www.komuso.es\/kekorto\/wp-content\/uploads\/2009\/06\/kkstaffpayo.gif\" alt=\"\" width=\"600\" height=\"200\" srcset=\"https:\/\/www.komuso.es\/kekorto\/wp-content\/uploads\/2009\/06\/kkstaffpayo.gif 600w, https:\/\/www.komuso.es\/kekorto\/wp-content\/uploads\/2009\/06\/kkstaffpayo-300x100.gif 300w\" sizes=\"(max-width: 600px) 100vw, 600px\" \/><\/a><\/p>\n<p style=\"text-align: center;\"><a href=\"https:\/\/www.komuso.es\/kekorto\/equipo\/conchill\/\"><img loading=\"lazy\" decoding=\"async\" class=\"size-full wp-image-3950 aligncenter\" title=\"kkstaffcLL\" src=\"https:\/\/www.komuso.es\/kekorto\/wp-content\/uploads\/2009\/06\/kkstaffcLL1.gif\" alt=\"\" width=\"600\" height=\"200\" srcset=\"https:\/\/www.komuso.es\/kekorto\/wp-content\/uploads\/2009\/06\/kkstaffcLL1.gif 600w, https:\/\/www.komuso.es\/kekorto\/wp-content\/uploads\/2009\/06\/kkstaffcLL1-300x100.gif 300w\" sizes=\"(max-width: 600px) 100vw, 600px\" \/><\/a><\/p>\n<p style=\"text-align: center;\"><a href=\"https:\/\/www.komuso.es\/kekorto\/equipo\/miguel-mtz-losa\/\"><img loading=\"lazy\" decoding=\"async\" class=\"size-full wp-image-3955 aligncenter\" title=\"kkstaffmiguel\" src=\"https:\/\/www.komuso.es\/kekorto\/wp-content\/uploads\/2009\/06\/kkstaffmiguel.gif\" alt=\"\" width=\"600\" height=\"200\" srcset=\"https:\/\/www.komuso.es\/kekorto\/wp-content\/uploads\/2009\/06\/kkstaffmiguel.gif 600w, https:\/\/www.komuso.es\/kekorto\/wp-content\/uploads\/2009\/06\/kkstaffmiguel-300x100.gif 300w\" sizes=\"(max-width: 600px) 100vw, 600px\" \/><\/a><\/p>\n<p style=\"text-align: center;\"><a href=\"https:\/\/www.komuso.es\/kekorto\/equipo\/alberto-silva\/\"><img loading=\"lazy\" decoding=\"async\" class=\"size-full wp-image-3956 aligncenter\" title=\"kkstaffsilva\" src=\"https:\/\/www.komuso.es\/kekorto\/wp-content\/uploads\/2009\/06\/kkstaffsilva.gif\" alt=\"\" width=\"600\" height=\"200\" srcset=\"https:\/\/www.komuso.es\/kekorto\/wp-content\/uploads\/2009\/06\/kkstaffsilva.gif 600w, https:\/\/www.komuso.es\/kekorto\/wp-content\/uploads\/2009\/06\/kkstaffsilva-300x100.gif 300w\" sizes=\"(max-width: 600px) 100vw, 600px\" \/><\/a><\/p>\n\n\n<p> Si quieres saber m\u00e1s sobre nosotros, realizar alguna cr\u00edtica o sugerencia\u00a0<strong>o incluso contratar nuestros servicios creativos<\/strong>, puedes hacerlo mediante:\u00a0<a href=\"mailto:kekorto@komuso.es\">kekorto@komuso.es<\/a> <\/p>\n","protected":false},"excerpt":{"rendered":"<div class=\"mh-excerpt\"><p>Kekorto.\u00a0Un nombre a lo start-up de garaje californiano.\u00a0Cinco amigos.\u00a0Otros tantos profesionales del audiovisual. Salidos del mismo huevo primigeneo pero \u00a1c\u00e1scaras! cocinados a fuego lento con <a class=\"mh-excerpt-more\" href=\"https:\/\/www.komuso.es\/kekorto\/equipo\/\" title=\"Staff\">[&#8230;]<\/a><\/p>\n<\/div>","protected":false},"author":1,"featured_media":0,"parent":0,"menu_order":7,"comment_status":"closed","ping_status":"open","template":"","meta":{"footnotes":""},"_links":{"self":[{"href":"https:\/\/www.komuso.es\/kekorto\/wp-json\/wp\/v2\/pages\/126"}],"collection":[{"href":"https:\/\/www.komuso.es\/kekorto\/wp-json\/wp\/v2\/pages"}],"about":[{"href":"https:\/\/www.komuso.es\/kekorto\/wp-json\/wp\/v2\/types\/page"}],"author":[{"embeddable":true,"href":"https:\/\/www.komuso.es\/kekorto\/wp-json\/wp\/v2\/users\/1"}],"replies":[{"embeddable":true,"href":"https:\/\/www.komuso.es\/kekorto\/wp-json\/wp\/v2\/comments?post=126"}],"version-history":[{"count":3,"href":"https:\/\/www.komuso.es\/kekorto\/wp-json\/wp\/v2\/pages\/126\/revisions"}],"predecessor-version":[{"id":4091,"href":"https:\/\/www.komuso.es\/kekorto\/wp-json\/wp\/v2\/pages\/126\/revisions\/4091"}],"wp:attachment":[{"href":"https:\/\/www.komuso.es\/kekorto\/wp-json\/wp\/v2\/media?parent=126"}],"curies":[{"name":"wp","href":"https:\/\/api.w.org\/{rel}","templated":true}]}}