{"id":129,"date":"2009-06-09T03:33:18","date_gmt":"2009-06-09T01:33:18","guid":{"rendered":"http:\/\/www.kekorto.es\/?page_id=129"},"modified":"2010-12-27T02:19:50","modified_gmt":"2010-12-27T00:19:50","slug":"alberto-ballester","status":"publish","type":"page","link":"https:\/\/www.komuso.es\/kekorto\/equipo\/alberto-ballester\/","title":{"rendered":"Capit\u00e1n Custom"},"content":{"rendered":"<p><strong>Tras pasar su infancia dedicado al f\u00fatbol, las construcciones de bloques, los comics y los playmobil, el Capit\u00e1n entr\u00f3 en la facultad de C.C. de la Informaci\u00f3n con la sana intenci\u00f3n de obtener un t\u00edtulo de licenciado. Pero no solo consigui\u00f3 eso, sino que se convirti\u00f3 en&#8230; \u00a1El Capit\u00e1n Custom! A d\u00eda de hoy, nadie sabe c\u00f3mo el Capit\u00e1n obtuvo sus absurdos e incomprensibles poderes. Si usted se lo encuentra, quiz\u00e1 pueda contratarlo&#8230;<\/strong><\/p>\n<p><strong><a href=\"https:\/\/www.komuso.es\/kekorto\/wp-content\/uploads\/2009\/06\/kekortostaffcc.jpg\"><img loading=\"lazy\" decoding=\"async\" class=\"aligncenter size-full wp-image-2313\" title=\"kekortostaffcc\" src=\"https:\/\/www.komuso.es\/kekorto\/wp-content\/uploads\/2009\/06\/kekortostaffcc.jpg\" alt=\"kekortostaffcc\" width=\"600\" height=\"202\" srcset=\"https:\/\/www.komuso.es\/kekorto\/wp-content\/uploads\/2009\/06\/kekortostaffcc.jpg 600w, https:\/\/www.komuso.es\/kekorto\/wp-content\/uploads\/2009\/06\/kekortostaffcc-300x101.jpg 300w\" sizes=\"(max-width: 600px) 100vw, 600px\" \/><\/a><\/strong><\/p>\n<p><strong>Filias:<\/strong> <span>Madrid, Los huevos fritos, Muchachada Nui, mis amigos, el deporte, Jackie Chan, mi perra Sally, Warren Ellis, La Jungla de Cristal, los caracoles, Queen, Carlos Ezquerra, Zinedine Zidane, la monta\u00f1a, las mujeres, Garth Ennis, el patxar\u00e1n, Don\u00b4t stop me now, una buena guitarra el\u00e9ctrica, la primitiva y los euromillones, madrugar, la televisi\u00f3n, el twitter, New York, Bruce Lee, los ordenadores, inventarme historias, desayunar en el bar, Iron Maiden, mi madre, los tiburones, el color negro, Hong Kong, los b\u00falgaros de chocolate, the Punisher, el caf\u00e9, los Beatles, acampar, fregar, hacer re\u00edr, el latex, las hamburguesas, la serie b, c y d, Oliver &amp; Benji, el Lego, el picante, Spider Jerusalem, la radio antes de dormir, hablar, los hermanos Marx y su primo Karl, el ping pong, cocinar, mi padre, el cine de acci\u00f3n oriental, las mandarinas, B\u00e1rbara Goenaga, Vanesa S\u00e1ez, los bastoncillos de los o\u00eddos, Predicador, el Nesquick, dormir arropado, los filetes de mi madre, el mus, las espadas, Frank Miller, la iron\u00eda y el sarcasmo, los batidos de chocolate con nata, las monedas en la cartera, lo desconocido, las tortillas francesas rellenas de cosas, sorprenderme, las tormentas, las bodas, la paella de ayer, el billar, Paul Auster, las pel\u00edculas post-apocal\u00edpticas, los ositos gominola, t\u00fa. <\/span><\/p>\n<p><strong>Fobias:<\/strong> <span>La crema de puerros, dormir, el rap, el acorazado Potemkin, el Facebook, perder el tiempo, cortarme las u\u00f1as (y la del dedo anular izquierdo de mi pie en particular), el calor, las orugas, las visitas por compromiso, el olor de los entresijos en mi freidora, que no me tomen en serio cuando lo estoy, las bibliotecas, la arena de la playa en mi ba\u00f1ador, el sonido del m\u00f3vil, el caribe, los listos de los cojones, alta mar, el gazpacho, Jonathan Hensleight, las pegatinas y las calcoman\u00edas, los Corn Flakes, las operaciones, la iglesia, la mortadela de Mickey Mouse, la falta de respeto, los maltratadores, las convenciones, las tragaperras, el vinagre, los dictadores, \u00e9l. <\/span><\/p>\n<p><strong>Twitter:<\/strong> <a href=\"http:\/\/twitter.com\/capitancustom\" target=\"_blank\">@capitancustom<\/a><\/p>\n<p><strong>Webs:<\/strong> <a href=\"http:\/\/capitancustom.larebelion.com\">http:\/\/capitancustom.larebelion.com<\/a><\/p>\n<p><strong>Kekortos:<\/strong> <a href=\"https:\/\/www.komuso.es\/kekorto\/author\/capitancustom\/\">https:\/\/www.komuso.es\/kekorto\/author\/capitancustom\/<\/a><\/p>\n","protected":false},"excerpt":{"rendered":"<div class=\"mh-excerpt\"><p>Tras pasar su infancia dedicado al f\u00fatbol, las construcciones de bloques, los comics y los playmobil, el Capit\u00e1n entr\u00f3 en la facultad de C.C. de <a class=\"mh-excerpt-more\" href=\"https:\/\/www.komuso.es\/kekorto\/equipo\/alberto-ballester\/\" title=\"Capit\u00e1n Custom\">[&#8230;]<\/a><\/p>\n<\/div>","protected":false},"author":1,"featured_media":0,"parent":126,"menu_order":1,"comment_status":"open","ping_status":"open","template":"","meta":{"footnotes":""},"_links":{"self":[{"href":"https:\/\/www.komuso.es\/kekorto\/wp-json\/wp\/v2\/pages\/129"}],"collection":[{"href":"https:\/\/www.komuso.es\/kekorto\/wp-json\/wp\/v2\/pages"}],"about":[{"href":"https:\/\/www.komuso.es\/kekorto\/wp-json\/wp\/v2\/types\/page"}],"author":[{"embeddable":true,"href":"https:\/\/www.komuso.es\/kekorto\/wp-json\/wp\/v2\/users\/1"}],"replies":[{"embeddable":true,"href":"https:\/\/www.komuso.es\/kekorto\/wp-json\/wp\/v2\/comments?post=129"}],"version-history":[{"count":0,"href":"https:\/\/www.komuso.es\/kekorto\/wp-json\/wp\/v2\/pages\/129\/revisions"}],"up":[{"embeddable":true,"href":"https:\/\/www.komuso.es\/kekorto\/wp-json\/wp\/v2\/pages\/126"}],"wp:attachment":[{"href":"https:\/\/www.komuso.es\/kekorto\/wp-json\/wp\/v2\/media?parent=129"}],"curies":[{"name":"wp","href":"https:\/\/api.w.org\/{rel}","templated":true}]}}