{"id":131,"date":"2009-06-09T03:34:12","date_gmt":"2009-06-09T01:34:12","guid":{"rendered":"http:\/\/www.kekorto.es\/?page_id=131"},"modified":"2010-12-12T17:59:04","modified_gmt":"2010-12-12T15:59:04","slug":"sandra-sand-lopez","status":"publish","type":"page","link":"https:\/\/www.komuso.es\/kekorto\/equipo\/sandra-sand-lopez\/","title":{"rendered":"Sand"},"content":{"rendered":"<p><strong>Alejandra L\u00f3pez (aka Sand), aquejada de trastornos de identidad desde su nacimiento por culpa de su archienemigo, un malvado funcionario del Registro Civil que le neg\u00f3 su verdadero y m\u00e1s conocido nombre: Sandra, intenta encontrarse a s\u00ed misma en cada proyecto que emprende de forma casi enfermiza. Obsesionada por las im\u00e1genes en movimiento y las frases largu\u00edsimas (como la que se os viene encima), y con un necesidad patol\u00f3gica por entusiasmarse por cualquier cosa que suponga un reto, se hace denominar comunicadora por englobar todos los campos que a duras penas abarca y que le dan de comer a duras penas. Su capacidad para apreciar la belleza donde a la masa se le escapa y odiar los espejismos vacuos que ciegan a la sociedad, le obliga a acercarse a aquello que a los dem\u00e1s se nos hace mediocre con una timidez casi adolescente y a escribir cosas que a veces no tienen ni pies ni cabeza: como esta. En ocasiones incluso lo hace en tercera persona.<\/strong><\/p>\n<p><a href=\"https:\/\/www.komuso.es\/kekorto\/wp-content\/uploads\/2009\/06\/sandra_staff.jpg\"><img loading=\"lazy\" decoding=\"async\" src=\"https:\/\/www.komuso.es\/kekorto\/wp-content\/uploads\/2009\/06\/sandra_staff.jpg\" alt=\"sandra_staff\" title=\"sandra_staff\" width=\"600\" height=\"200\" class=\"aligncenter size-full wp-image-1256\" srcset=\"https:\/\/www.komuso.es\/kekorto\/wp-content\/uploads\/2009\/06\/sandra_staff.jpg 600w, https:\/\/www.komuso.es\/kekorto\/wp-content\/uploads\/2009\/06\/sandra_staff-300x100.jpg 300w\" sizes=\"(max-width: 600px) 100vw, 600px\" \/><\/a><\/p>\n<p><strong>Filias:<\/strong> grabar sin pensar en tener que editar luego, la gente con gafas (de peque\u00f1a so\u00f1aba con ser miope), las tormentas el\u00e9ctricas, <a href=\"http:\/\/www.laprincesaprometida.com\/\"><em>La princesa prometida<\/em> (libro y peli),<\/a> el olor a chimenea en lugares nevados, Seth Rogen,  los ni\u00f1os que te sacan la lengua en el metro, mirar escaparates y ver solo lo que reflejan, cantar en ingl\u00e9s a grito pelado, la gente que se toma el tiempo de responder a sus followers, el <a href=\"http:\/\/colorsandia.es\/\">color sand\u00eda<\/a>, Mil\u00fa, el dr. House, \u00c1ngel Mart\u00edn, Berto Romero, el <a href=\"http:\/\/cocineroandaluz.blogspot.com\/2009\/10\/0105-fulful-bhar-la-especia-de-los.html\">fulful bhar<\/a>, <a href=\"http:\/\/www.miguelmartinezlosa.es\/blog\/archives\/569\">mi gata<\/a>, los viajes en tren, Imperio de Gorethria.<\/a><\/p>\n<p><strong>Fobias:<\/strong> los vecinos, los balones, el apio, Florentino Fern\u00e1ndez, las tiendas de c\u00f3mics que huelen rancio, la pachanga, los cin\u00e9filos sesudos, los autodenominados artistas, Van Gogh, su oreja, los programas de Iker Jim\u00e9nez antes de dormir, los zapatos de mujer, los viajes en autocar, los suelos de madera que crujen, las islas, los museos de cera, El Corte Ingl\u00e9s y todos sus subproductos, el regaliz, la gente con ojos azules, la hipocres\u00eda en el Facebook.<\/p>\n<p><strong>Twitter:<\/strong> <a href=\"http:\/\/twitter.com\/melkavesh\">@melkavesh<\/a><\/p>\n<p><strong>Webs:<\/strong> <a href=\"http:\/\/colorsandia.es\">colorsandia.es<\/a>, <a href=\"http:\/\/auladeldesgraciado.blogspot.com\/\">el aula del desgraciado<\/a><\/p>\n<p><strong>Curr\u00edculum:<\/strong> <a href=\"http:\/\/www.colorsandia.es\/proyectos\">colorsandia\/proyectos<\/a><\/p>\n<p><strong>Kekortos:<\/strong> <a href=\"https:\/\/www.komuso.es\/kekorto\/author\/Sand\/\">https:\/\/www.komuso.es\/kekorto\/author\/Sand\/<\/a><\/p>\n","protected":false},"excerpt":{"rendered":"<div class=\"mh-excerpt\"><p>Alejandra L\u00f3pez (aka Sand), aquejada de trastornos de identidad desde su nacimiento por culpa de su archienemigo, un malvado funcionario del Registro Civil que le <a class=\"mh-excerpt-more\" href=\"https:\/\/www.komuso.es\/kekorto\/equipo\/sandra-sand-lopez\/\" title=\"Sand\">[&#8230;]<\/a><\/p>\n<\/div>","protected":false},"author":1,"featured_media":0,"parent":126,"menu_order":2,"comment_status":"open","ping_status":"open","template":"","meta":{"footnotes":""},"_links":{"self":[{"href":"https:\/\/www.komuso.es\/kekorto\/wp-json\/wp\/v2\/pages\/131"}],"collection":[{"href":"https:\/\/www.komuso.es\/kekorto\/wp-json\/wp\/v2\/pages"}],"about":[{"href":"https:\/\/www.komuso.es\/kekorto\/wp-json\/wp\/v2\/types\/page"}],"author":[{"embeddable":true,"href":"https:\/\/www.komuso.es\/kekorto\/wp-json\/wp\/v2\/users\/1"}],"replies":[{"embeddable":true,"href":"https:\/\/www.komuso.es\/kekorto\/wp-json\/wp\/v2\/comments?post=131"}],"version-history":[{"count":0,"href":"https:\/\/www.komuso.es\/kekorto\/wp-json\/wp\/v2\/pages\/131\/revisions"}],"up":[{"embeddable":true,"href":"https:\/\/www.komuso.es\/kekorto\/wp-json\/wp\/v2\/pages\/126"}],"wp:attachment":[{"href":"https:\/\/www.komuso.es\/kekorto\/wp-json\/wp\/v2\/media?parent=131"}],"curies":[{"name":"wp","href":"https:\/\/api.w.org\/{rel}","templated":true}]}}