{"id":134,"date":"2009-06-09T03:34:53","date_gmt":"2009-06-09T01:34:53","guid":{"rendered":"http:\/\/www.kekorto.es\/?page_id=134"},"modified":"2013-10-30T02:46:52","modified_gmt":"2013-10-30T00:46:52","slug":"alberto-payo","status":"publish","type":"page","link":"https:\/\/www.komuso.es\/kekorto\/equipo\/alberto-payo\/","title":{"rendered":"Alberto Payo"},"content":{"rendered":"<p><strong>Le vestimos de soldado noruego, guardaespaldas anti-groupies y metamorfo&#8230; Quiz\u00e1 eso \u00faltimo no, pero seguro que le habr\u00eda gustado, carajo. Aunque los metamorfos salen caros y en pantalla dan efecto muar\u00e9 cuando se transforman \u00bfQu\u00e9 le vamos a hacer? Pero es que Payo es un poco de esa manera: cambiante. Y as\u00ed leer\u00e1s \u201ckekortos\u201d de su autor\u00eda absolutamente hilarantes, endiabladamente reflexivos o asquerosamente cool-tos y tendenci-osos. Eso es lo que hacen los periodistas \u00bfno?, retorcer el pescuezo a las palabras pero insufl\u00e1ndoles aire nuevo para que no se ahoguen. Tambi\u00e9n le puedes meter en el saco de los tecn\u00f3logos. Geek es demasiado decir \u00bfLa diferencia? El iPhone dice que le da de comer, pero no le impide dormir. Aunque Internet s\u00ed que le quita horas de sue\u00f1o.<br \/>\n<\/strong><\/p>\n<p><img loading=\"lazy\" decoding=\"async\" class=\"alignnone size-full wp-image-1225\" title=\"perfil kekorto\" src=\"https:\/\/www.komuso.es\/kekorto\/wp-content\/uploads\/2009\/06\/perfil-kekorto.jpg\" alt=\"perfil kekorto\" width=\"599\" height=\"201\" srcset=\"https:\/\/www.komuso.es\/kekorto\/wp-content\/uploads\/2009\/06\/perfil-kekorto.jpg 599w, https:\/\/www.komuso.es\/kekorto\/wp-content\/uploads\/2009\/06\/perfil-kekorto-300x100.jpg 300w\" sizes=\"(max-width: 599px) 100vw, 599px\" \/><\/p>\n<p><strong>Filias:<\/strong> El ajedrez, los cefal\u00f3podos, Parov Stellar, los juegos de palabras, las fotos con c\u00e1mara r\u00e9flex, la cocina \u00e9tnica, los paseos nocturnos estivales, Leonor Watling, los descubrimientos musicales, Lost, los mon\u00f3logos c\u00f3micos, la #spanishrevolution, la Patrulla X, filosofar, las pelis de terror y sci-fi, viajar, el capoeira, los Monty Python, las charlas hasta el amanecer,\u00a0Wikileaks, los mojitos, el milisegundo previo a un beso,\u00a0la aceituna del fondo del mosto, Mara Torres, abrir regalos, Madrid.<\/p>\n<p style=\"text-align: left;\"><strong>Fobias:<\/strong> Los cangrejos (vivos), la dermatitis seborreica, los best sellers y top hits, despeinarme, la estrechez mental, la Navidad, el reggaeton, los pol\u00edticos, el error 404, los calcetines que pierden a su par, las verrugas peludas, las cartas de Hacienda, el olor a gallinejas\/entresijos, los pijos, las faltas de ortograf\u00eda, los malnacidos que usan el m\u00f3vil como minicadena en el metro, los esc\u00e1neres de los aeropuertos, darme cuenta de que no llevo un boli encima, la autoridad sin raz\u00f3n ni educaci\u00f3n, las parejas que discuten en p\u00fablico, los gur\u00fas, los fanboys, envolver regalos, Madrid.<\/p>\n<p style=\"text-align: left;\"><strong>Twitter<\/strong>: <a class=\"twitter-follow-button\" href=\"http:\/\/twitter.com\/albertopayo\">Follow @albertopayo<\/a><br \/>\n<script src=\"http:\/\/platform.twitter.com\/widgets.js\" type=\"text\/javascript\"><\/script><\/p>\n<p style=\"text-align: left;\"><strong>Webs<\/strong>: <a href=\"http:\/\/www.itespresso.es\" target=\"_blank\">ITespresso<\/a> y <a href=\"http:\/\/www.applicantes.com\">Applicantes<\/a><\/p>\n<p style=\"text-align: left;\"><strong>Curr\u00edculum<\/strong>: <a href=\"http:\/\/es.linkedin.com\/in\/albertopayo\" target=\"_blank\">LinkedIn<\/a><\/p>\n<p style=\"text-align: left;\"><strong>Kekorto<\/strong>s: <a href=\"https:\/\/www.komuso.es\/kekorto\/author\/albertopayo\/\" target=\"_blank\">www.kekorto.es\/author\/albertopayo\/<\/a><\/p>\n<p style=\"text-align: left;\">&nbsp;<\/p>\n","protected":false},"excerpt":{"rendered":"<div class=\"mh-excerpt\"><p>Le vestimos de soldado noruego, guardaespaldas anti-groupies y metamorfo&#8230; Quiz\u00e1 eso \u00faltimo no, pero seguro que le habr\u00eda gustado, carajo. Aunque los metamorfos salen caros <a class=\"mh-excerpt-more\" href=\"https:\/\/www.komuso.es\/kekorto\/equipo\/alberto-payo\/\" title=\"Alberto Payo\">[&#8230;]<\/a><\/p>\n<\/div>","protected":false},"author":1,"featured_media":0,"parent":126,"menu_order":3,"comment_status":"open","ping_status":"open","template":"","meta":{"footnotes":""},"_links":{"self":[{"href":"https:\/\/www.komuso.es\/kekorto\/wp-json\/wp\/v2\/pages\/134"}],"collection":[{"href":"https:\/\/www.komuso.es\/kekorto\/wp-json\/wp\/v2\/pages"}],"about":[{"href":"https:\/\/www.komuso.es\/kekorto\/wp-json\/wp\/v2\/types\/page"}],"author":[{"embeddable":true,"href":"https:\/\/www.komuso.es\/kekorto\/wp-json\/wp\/v2\/users\/1"}],"replies":[{"embeddable":true,"href":"https:\/\/www.komuso.es\/kekorto\/wp-json\/wp\/v2\/comments?post=134"}],"version-history":[{"count":0,"href":"https:\/\/www.komuso.es\/kekorto\/wp-json\/wp\/v2\/pages\/134\/revisions"}],"up":[{"embeddable":true,"href":"https:\/\/www.komuso.es\/kekorto\/wp-json\/wp\/v2\/pages\/126"}],"wp:attachment":[{"href":"https:\/\/www.komuso.es\/kekorto\/wp-json\/wp\/v2\/media?parent=134"}],"curies":[{"name":"wp","href":"https:\/\/api.w.org\/{rel}","templated":true}]}}