{"id":136,"date":"2009-06-09T03:35:28","date_gmt":"2009-06-09T01:35:28","guid":{"rendered":"http:\/\/www.kekorto.es\/?page_id=136"},"modified":"2010-12-12T21:47:46","modified_gmt":"2010-12-12T19:47:46","slug":"miguel-mtz-losa","status":"publish","type":"page","link":"https:\/\/www.komuso.es\/kekorto\/equipo\/miguel-mtz-losa\/","title":{"rendered":"Miguel Mtz-Losa"},"content":{"rendered":"<p><strong>Mediante un \u00edmprobo esfuerzo, Miguel Mart\u00ednez-Losa intenta distribuir su tiempo entre los proyectos remunerados y los no remunerados ya sea en su estudio de dise\u00f1o o en la sede de Kekorto. Como la tecnolog\u00eda de duplicaci\u00f3n de individuos todav\u00eda no est\u00e1 muy perfeccionada s\u00f3lo ha conseguido separar en dos su primer apellido, aunque lo mantiene unido por un gui\u00f3n, vestigio de otras \u00e9pocas. Tiene una afici\u00f3n insana a aceptar cualquier encargo o propuesta de dise\u00f1o por dif\u00edcil que parezca, es f\u00e1cil de convencer y se vende por un pu\u00f1ado de euros, siempre previo presupuesto.<\/strong><\/p>\n<p><a href=\"https:\/\/www.komuso.es\/kekorto\/wp-content\/uploads\/2009\/06\/kekorto_fotopersonal.jpg\"><img loading=\"lazy\" decoding=\"async\" src=\"https:\/\/www.komuso.es\/kekorto\/wp-content\/uploads\/2009\/06\/kekorto_fotopersonal.jpg\" alt=\"Kekorto Miguel Mtz-Losa\" title=\"Kekorto Miguel Mtz-Losa\" width=\"600\" height=\"202\" class=\"alignnone size-full wp-image-1135\" srcset=\"https:\/\/www.komuso.es\/kekorto\/wp-content\/uploads\/2009\/06\/kekorto_fotopersonal.jpg 600w, https:\/\/www.komuso.es\/kekorto\/wp-content\/uploads\/2009\/06\/kekorto_fotopersonal-300x101.jpg 300w\" sizes=\"(max-width: 600px) 100vw, 600px\" \/><\/a><\/p>\n<p><strong>Filias:<\/strong> las morenitas, mi morenita, los perros peque\u00f1os que miran, ese breve momento en el que has terminado un proyecto justo antes de pensar en el siguiente, el arte de la Tipograf\u00eda, dibujar para pasarlo bien, los coches teledirigidos, Arnedo a nivel emocional, Madrid a nivel intelectual, dos canciones que te gustan seguidas en un bar!, c\u00f3mics con muchos personajes, Regreso al Futuro y los viajes en el tiempo, encontrarme dinero en la calle, el pan y la tele.<\/p>\n<p><strong>Fobias:<\/strong> escribir algo (lo que sea), el tufo mediocre de la pol\u00edtica, las performances y los performancers, la falta de tiempo, no entender algo aunque est\u00e1 muy claro, el proyecto siguiente, el precio de las entradas del cine, la fusi\u00f3n Telecinco-Cuatro, Manel Fuentes, el oscurantismo musical de los 90 en Espa\u00f1a, tirar cualquier objeto viejo que haya pasado por mis manos, el s\u00edndrome de Di\u00f3genes, el trigo Sarraceno, la sombra pararela, las agencias de Publicidad quiero y no puedo, no estar en el lugar adecuado en el momento adecuado.<\/p>\n<p><strong>Twitter:<\/strong> <a href=\"http:\/\/twitter.com\/miguelmtzlosa\">@miguelmtzlosa<\/a><\/p>\n<p><strong>Webs:<\/strong> <a href=\"http:\/\/colorsandia.es\">colorsandia.es<\/a>, <a href=\"http:\/\/www.miguelmartinezlosa.es\/\">Miguel Mart\u00ednez-Losa<\/a><\/p>\n<p><strong>Curr\u00edculum:<\/strong> <a href=\"http:\/\/www.miguelmartinezlosa.es\/curriculum_miguelmtzlosa.pdf\">En PDF<\/a><\/p>\n<p><strong>Kekortos:<\/strong> <a href=\"https:\/\/www.komuso.es\/kekorto\/author\/miguel\/\">https:\/\/www.komuso.es\/kekorto\/author\/miguel\/<\/a><\/p>\n","protected":false},"excerpt":{"rendered":"<div class=\"mh-excerpt\"><p>Mediante un \u00edmprobo esfuerzo, Miguel Mart\u00ednez-Losa intenta distribuir su tiempo entre los proyectos remunerados y los no remunerados ya sea en su estudio de dise\u00f1o <a class=\"mh-excerpt-more\" href=\"https:\/\/www.komuso.es\/kekorto\/equipo\/miguel-mtz-losa\/\" title=\"Miguel Mtz-Losa\">[&#8230;]<\/a><\/p>\n<\/div>","protected":false},"author":1,"featured_media":0,"parent":126,"menu_order":4,"comment_status":"open","ping_status":"open","template":"","meta":{"footnotes":""},"_links":{"self":[{"href":"https:\/\/www.komuso.es\/kekorto\/wp-json\/wp\/v2\/pages\/136"}],"collection":[{"href":"https:\/\/www.komuso.es\/kekorto\/wp-json\/wp\/v2\/pages"}],"about":[{"href":"https:\/\/www.komuso.es\/kekorto\/wp-json\/wp\/v2\/types\/page"}],"author":[{"embeddable":true,"href":"https:\/\/www.komuso.es\/kekorto\/wp-json\/wp\/v2\/users\/1"}],"replies":[{"embeddable":true,"href":"https:\/\/www.komuso.es\/kekorto\/wp-json\/wp\/v2\/comments?post=136"}],"version-history":[{"count":0,"href":"https:\/\/www.komuso.es\/kekorto\/wp-json\/wp\/v2\/pages\/136\/revisions"}],"up":[{"embeddable":true,"href":"https:\/\/www.komuso.es\/kekorto\/wp-json\/wp\/v2\/pages\/126"}],"wp:attachment":[{"href":"https:\/\/www.komuso.es\/kekorto\/wp-json\/wp\/v2\/media?parent=136"}],"curies":[{"name":"wp","href":"https:\/\/api.w.org\/{rel}","templated":true}]}}