{"id":138,"date":"2009-06-09T03:36:08","date_gmt":"2009-06-09T01:36:08","guid":{"rendered":"http:\/\/www.kekorto.es\/?page_id=138"},"modified":"2012-05-19T22:51:03","modified_gmt":"2012-05-19T20:51:03","slug":"alberto-silva","status":"publish","type":"page","link":"https:\/\/www.komuso.es\/kekorto\/equipo\/alberto-silva\/","title":{"rendered":"Alberto Silva"},"content":{"rendered":"<p><strong>Alberto dibuja bajo la marca de <em>Pencil in Pain<\/em> desde el a\u00f1o 2004. Ilustraci\u00f3n, c\u00f3mics e infograf\u00eda, cocinados a mano o a m\u00e1quina, y puestos al servicio de tu p\u00e1gina web o proyecto audiovisual. Puedes contactar con Alberto desde Kekorto o a trav\u00e9s de su sitio personal. En Pencil In Pain siempre estamos a la b\u00fasqueda de nuevos proyectos o colaboraciones. No dudes en preguntar.<\/strong><\/p>\n<p><a href=\"https:\/\/www.komuso.es\/kekorto\/wp-content\/uploads\/2009\/06\/intoviews600.jpg\"><img loading=\"lazy\" decoding=\"async\" class=\"aligncenter size-full wp-image-1137\" title=\"intoviews600\" src=\"https:\/\/www.komuso.es\/kekorto\/wp-content\/uploads\/2009\/06\/intoviews600.jpg\" alt=\"intoviews600\" width=\"600\" height=\"200\" srcset=\"https:\/\/www.komuso.es\/kekorto\/wp-content\/uploads\/2009\/06\/intoviews600.jpg 600w, https:\/\/www.komuso.es\/kekorto\/wp-content\/uploads\/2009\/06\/intoviews600-300x100.jpg 300w\" sizes=\"(max-width: 600px) 100vw, 600px\" \/><\/a><\/p>\n<p><strong>Filias:<\/strong> Las luces, un plato de espaguettis, Batman, el agua helada, amanecer en carretera, los c\u00f3mics malos, el hielo, la piscina por la tarde, estar lejos, los rotuladores reci\u00e9n comprados, Mj\u00f6lnir, los l\u00e1pices de madera, mis botas viejas, las miradas robadas, la encina, el primer corte del disco, la gente que hace cosas, el Amstrad, volver a Madrid, los bucles de viruta, \u00abtiene mensajes nuevos\u00bb, los dedos sucios, el caf\u00e9 malo, Filias Fogg.<\/span><\/p>\n<p><strong>Fobias:<\/strong> <span> El fr\u00edo, ese nuevo remake, la descompresi\u00f3n, las cosas que pueden explotar, la nueva actualizaci\u00f3n disponible, la pedanter\u00eda, un plato de coliflor hervida, la obsolescencia programada, el ombligo del mundo, <em>Supernanny<\/em>, los requisitos m\u00ednimos, una idea desaprovechada, las audiogu\u00edas de viaje, verte marchar.<\/span><\/p>\n<p><strong>Twitter:<\/strong> <a href=\"http:\/\/twitter.com\/pencilinpain\" target=\"_blank\">@PencilInPain<\/a><\/p>\n<p><strong>Webs:<\/strong> <a href=\"http:\/\/www.steelraining.albertosilva.es\/\">http:\/\/www.steelraining.albertosilva.es\/<\/a><\/p>\n<p><strong>Portfolio:<\/strong> <a href=\"http:\/\/www.albertosilva.es\/index.htm\">http:\/\/www.albertosilva.es\/index.htm<\/a><\/p>\n<p><strong>Kekortos:<\/strong> <a href=\"https:\/\/www.komuso.es\/kekorto\/author\/AlbertoS\/\">https:\/\/www.komuso.es\/kekorto\/author\/AlbertoS\/<\/a><\/p>\n","protected":false},"excerpt":{"rendered":"<div class=\"mh-excerpt\"><p>Alberto dibuja bajo la marca de Pencil in Pain desde el a\u00f1o 2004. Ilustraci\u00f3n, c\u00f3mics e infograf\u00eda, cocinados a mano o a m\u00e1quina, y puestos <a class=\"mh-excerpt-more\" href=\"https:\/\/www.komuso.es\/kekorto\/equipo\/alberto-silva\/\" title=\"Alberto Silva\">[&#8230;]<\/a><\/p>\n<\/div>","protected":false},"author":1,"featured_media":0,"parent":126,"menu_order":5,"comment_status":"closed","ping_status":"open","template":"","meta":{"footnotes":""},"_links":{"self":[{"href":"https:\/\/www.komuso.es\/kekorto\/wp-json\/wp\/v2\/pages\/138"}],"collection":[{"href":"https:\/\/www.komuso.es\/kekorto\/wp-json\/wp\/v2\/pages"}],"about":[{"href":"https:\/\/www.komuso.es\/kekorto\/wp-json\/wp\/v2\/types\/page"}],"author":[{"embeddable":true,"href":"https:\/\/www.komuso.es\/kekorto\/wp-json\/wp\/v2\/users\/1"}],"replies":[{"embeddable":true,"href":"https:\/\/www.komuso.es\/kekorto\/wp-json\/wp\/v2\/comments?post=138"}],"version-history":[{"count":0,"href":"https:\/\/www.komuso.es\/kekorto\/wp-json\/wp\/v2\/pages\/138\/revisions"}],"up":[{"embeddable":true,"href":"https:\/\/www.komuso.es\/kekorto\/wp-json\/wp\/v2\/pages\/126"}],"wp:attachment":[{"href":"https:\/\/www.komuso.es\/kekorto\/wp-json\/wp\/v2\/media?parent=138"}],"curies":[{"name":"wp","href":"https:\/\/api.w.org\/{rel}","templated":true}]}}