{"id":3619,"date":"2013-03-15T10:34:37","date_gmt":"2013-03-15T08:34:37","guid":{"rendered":"http:\/\/www.kekorto.es\/?page_id=3619"},"modified":"2022-03-09T11:45:53","modified_gmt":"2022-03-09T09:45:53","slug":"cercenador-prensa","status":"publish","type":"page","link":"https:\/\/www.komuso.es\/kekorto\/cercenador-prensa\/","title":{"rendered":"Cercenador &#8211; Prensa"},"content":{"rendered":"<p><strong>Puede que Stanton ya no sea un tipo musculado y estiloso. Seguramente no entre en ning\u00fan traje de lycra. Pero tiempo atr\u00e1s fue despiadado y letal, un profesional sin escr\u00fapulos. Ahora tiene dos pulgares menos y unos kilos de m\u00e1s, pero no ha perdido facultades y no hay nada como un ex cazarrecompensas motivado.<\/strong><\/p>\n<p><a href=\"https:\/\/www.komuso.es\/kekorto\/wp-content\/uploads\/2013\/03\/cercenador_cov_01.jpg\"><img loading=\"lazy\" decoding=\"async\" class=\"alignnone wp-image-3654\" title=\"Cercenador - Media Kit\" src=\"https:\/\/www.komuso.es\/kekorto\/wp-content\/uploads\/2013\/03\/cercenador_cov_01.jpg\" alt=\"Cercenador - Media Kit del c\u00f3mic\" width=\"750\" height=\"313\" srcset=\"https:\/\/www.komuso.es\/kekorto\/wp-content\/uploads\/2013\/03\/cercenador_cov_01.jpg 600w, https:\/\/www.komuso.es\/kekorto\/wp-content\/uploads\/2013\/03\/cercenador_cov_01-300x125.jpg 300w\" sizes=\"(max-width: 750px) 100vw, 750px\" \/><\/a><\/p>\n<blockquote><p>Si quieres hacerte eco de nuestro proyecto <a href=\"https:\/\/www.komuso.es\/kekorto\/CC_media_pack.zip\">descarga aqu\u00ed tu Media Pack<\/a>, con im\u00e1genes en alta calidad, textos y banners para tu web.<\/p><\/blockquote>\n<p>Cercenador es un c\u00f3mic incorrecto y gamberro. Una historia cruda, de viejas glorias y sus cicatrices, cocinada con exceso de grasa y picante. Un western de feos y malos sazonado con sexo y venganza. La historia de un hombre que perdi\u00f3 su figura, pero no se detendr\u00e1 hasta recuperar su honor.<\/p>\n<h4>LOS AUTORES<\/h4>\n<h3>Alberto Ballester<\/h3>\n<p><a href=\"https:\/\/www.komuso.es\/kekorto\/wp-content\/uploads\/2013\/03\/cc_photo.jpg\"><img loading=\"lazy\" decoding=\"async\" class=\"alignleft size-full wp-image-3657\" title=\"Alberto Ballester\" src=\"https:\/\/www.komuso.es\/kekorto\/wp-content\/uploads\/2013\/03\/cc_photo.jpg\" alt=\"Alberto Ballester\" width=\"100\" height=\"100\" \/><\/a><br \/>\nGuionista, creador de contenidos, desarrollador de formatos televisivos, productor audiovisual, escritor de relato corto y aficionado al cine de artes marciales. Co-creador de Cercenador y a punto de publicar en libro electr\u00f3nico \u201cWilliam Walnuts\u201d recopilatorio de su serie online.<\/p>\n<p>Alberto Ballester trabaja creando contenidos desde 1999. Ha desarrollado su actividad en algunas de las productoras m\u00e1s conocidas de este pa\u00eds y para las principales cadenas de televisi\u00f3n.<\/p>\n<h3>Alberto Silva<\/h3>\n<p><a href=\"https:\/\/www.komuso.es\/kekorto\/wp-content\/uploads\/2013\/03\/pip_photo.jpg\"><img loading=\"lazy\" decoding=\"async\" class=\"alignleft size-full wp-image-3658\" title=\"Alberto Silva\" src=\"https:\/\/www.komuso.es\/kekorto\/wp-content\/uploads\/2013\/03\/pip_photo.jpg\" alt=\"Alberto Silva\" width=\"100\" height=\"100\" \/><\/a><br \/>\nIlustrador editorial, infografista y dibujante de c\u00f3mics. Alberto es Co-creador de Cercenador y creador de la serie de webc\u00f3mics Steel Raining. Ha colaborado con Image Comics, WorldWorks Games, la revista Hobby Consolas o el diario El Mundo y dibuja regularmente colecciones oficiales de Sketchcards con los personajes de Marvel C\u00f3mics, Dynamite C\u00f3mics o Valiant Entertainment<\/p>\n<p>Desde el a\u00f1o 2004, Alberto J. Silva trabaja creando ilustraci\u00f3n narrativa y editorial de calidad bajo la marca de Pencil in Pain. Ilustraci\u00f3n, c\u00f3mics e infograf\u00eda puestos al servicio de tu proyecto audiovisual o tu p\u00e1gina web.<\/p>\n<blockquote><p><a href=\"https:\/\/www.komuso.es\/kekorto\/wp-content\/uploads\/2013\/03\/cercenador_comic_solo.gif\"><img loading=\"lazy\" decoding=\"async\" class=\"alignright size-full wp-image-3665\" title=\"Cercenador_comic_solo\" src=\"https:\/\/www.komuso.es\/kekorto\/wp-content\/uploads\/2013\/03\/cercenador_comic_solo.gif\" alt=\"\" width=\"200\" height=\"175\" \/><\/a><\/p>\n<h4>LA EDICI\u00d3N<\/h4>\n<h3>Cercenador, corta y pega.<\/h3>\n<p><strong>Alberto Ballester, Alberto Silva.<\/strong><br \/>\nAutoedici\u00f3n &#8211; Mayo 2013.<\/p>\n<p>Primera edici\u00f3n: 500 ejemplares.<br \/>\nN\u00famero \u00fanico.<\/p>\n<p>28 p\u00e1ginas: Portada Color.<br \/>\nFormato americano: 26 x 18,5 cms<\/p>\n<p>P\u00e1ginas (sin portada): 24 p\u00e1ginas.<br \/>\nInterior: Offset Blanco 80 grs.<br \/>\nImpreso 1\/1 a sangre.<\/p>\n<p>Portada: Estucado mate 200 grs. impreso cuatricromia a sangre.<br \/>\nLaminado brillo por una cara y la otra cara impresa 1\/1.<\/p>\n<p>ISBN: 978-84-616-3153-7<br \/>\nDEP\u00d3SITO LEGAL: M-9078-2013<\/p>\n<p>Cercenador es un c\u00f3mic autoeditado. Si lo has le\u00eddo o descargado por v\u00edas ilegales, considera hacerte con una copia leg\u00edtima o colaborar con nosotros en el futuro.<\/p><\/blockquote>\n<h4>LA PROMOCI\u00d3N<\/h4>\n<h3>MATERIALES<\/h3>\n<p><strong>TRAILER<\/strong><\/p>\n<p><a href=\"http:\/\/vimeo.com\/channels\/steelraining\/51125465\">Cercenador Official Motion Trailer:<\/a> 00:42<\/p>\n<p><strong>PIN-UP by PAUL SIZER<\/strong><br \/>\n<a href=\"http:\/\/www.paulsizer.com\">paulsizer.com<\/a><br \/>\nEl c\u00f3mic incluye una ilustraci\u00f3n del Cercenador cedida en exclusiva para esta edici\u00f3n por Paul Sizer, dise\u00f1ador gr\u00e1fico y creador de las novelas gr\u00e1ficas \u201cLittle White Mouse\u201d, \u201cMoped Army\u201d y <a href=\"http:\/\/www.paulsizer.com\/bpm\/\">\u201cBPM\u201d<\/a>.<\/p>\n<p><strong>P\u00d3STERS Y MARCAP\u00c1GINAS<\/strong><\/p>\n<p><a href=\"https:\/\/www.komuso.es\/kekorto\/wp-content\/uploads\/2013\/03\/marcapaginas_poster_kekorto.jpg\"><img loading=\"lazy\" decoding=\"async\" class=\"alignright wp-image-3669\" title=\"Marcap\u00e1ginas Cercenador\" src=\"https:\/\/www.komuso.es\/kekorto\/wp-content\/uploads\/2013\/03\/marcapaginas_poster_kekorto.jpg\" alt=\"Marcap\u00e1ginas Cercenador\" width=\"750\" height=\"438\" srcset=\"https:\/\/www.komuso.es\/kekorto\/wp-content\/uploads\/2013\/03\/marcapaginas_poster_kekorto.jpg 600w, https:\/\/www.komuso.es\/kekorto\/wp-content\/uploads\/2013\/03\/marcapaginas_poster_kekorto-300x175.jpg 300w\" sizes=\"(max-width: 750px) 100vw, 750px\" \/><\/a><br \/>\nAprovechando el lanzamiento de \u201cCercenador, corta y pega\u201d se han dise\u00f1ado una serie limitada de p\u00f3sters y marcap\u00e1ginas de los personajes del c\u00f3mic.<\/p>\n<p><strong>KIT DE PRENSA<\/strong><br \/>\nAdem\u00e1s de este <a href=\"https:\/\/www.komuso.es\/kekorto\/wp-content\/uploads\/2013\/03\/cercenador_mediakit_2013_sm.pdf\">dossier informativo<\/a> podemos enviar una selecci\u00f3n de archivos para completar tu pieza informativa, en cualquier medio.<\/p>\n<h3>EN INTERNET<\/h3>\n<p><a href=\"https:\/\/www.komuso.es\/kekorto\/wp-content\/uploads\/2013\/03\/director_coogan.jpg\"><img loading=\"lazy\" decoding=\"async\" class=\"alignleft size-full wp-image-3675\" title=\"Blog Director Coogan\" src=\"https:\/\/www.komuso.es\/kekorto\/wp-content\/uploads\/2013\/03\/director_coogan.jpg\" alt=\"Blog Director Coogan\" width=\"150\" height=\"100\" \/><\/a><br \/>\n<strong>BLOG DEL DIRECTOR COOGAN<\/strong><br \/>\n<a href=\"http:\/\/cercenador.blogspot.com.es\/\">cercenador.blogspot.com.es<\/a><br \/>\nDurante el proceso de creaci\u00f3n del c\u00f3mic se puso en marcha el blog del director Coogan, donde se daba informaci\u00f3n puntual acerca del proceso creativo a trav\u00e9s de la voz de uno de los personajes m\u00e1s carism\u00e1ticos.<\/p>\n<p><a href=\"https:\/\/www.komuso.es\/kekorto\/wp-content\/uploads\/2013\/03\/redes_sociales.jpg\"><img loading=\"lazy\" decoding=\"async\" class=\"alignleft size-full wp-image-3695\" title=\"Redes Sociales - Like\" src=\"https:\/\/www.komuso.es\/kekorto\/wp-content\/uploads\/2013\/03\/redes_sociales.jpg\" alt=\"Redes Sociales - Like\" width=\"150\" height=\"100\" \/><\/a><br \/>\n<strong>REDES SOCIALES<\/strong><br \/>\n<a href=\"http:\/\/\">facebook.com\/Cercenador<\/a><br \/>\n<a href=\"https:\/\/twitter.com\/Cercenadorcomic\">@Cercenadorcomic<\/a><br \/>\n<a href=\"https:\/\/twitter.com\/capitancustom\">@capitancustom<\/a><br \/>\n<a href=\"https:\/\/twitter.com\/PencilInPain\">@PencilInPain<\/a><\/p>\n<p><a href=\"https:\/\/www.komuso.es\/kekorto\/wp-content\/uploads\/2013\/03\/kekorto_icon.jpg\"><img loading=\"lazy\" decoding=\"async\" class=\"alignleft size-full wp-image-3698\" title=\"Kekorto C\u00f3mic\" src=\"https:\/\/www.komuso.es\/kekorto\/wp-content\/uploads\/2013\/03\/kekorto_icon.jpg\" alt=\"Kekorto C\u00f3mic\" width=\"150\" height=\"100\" \/><\/a><br \/>\n<strong>KEKORTO<\/strong><br \/>\n<a href=\"http:\/\/www.kekorto.es\">kekorto.es<\/a><br \/>\nEn el colectivo kekorto nos hacemos eco puntualmente de las novedades en la edici\u00f3n de \u201cCercenador, corta y pega\u201d tanto en su p\u00e1gina web como en redes sociales. Damos apoyo an\u00edmico a nuestros socios fundadores.<\/p>\n<blockquote><p><strong><a href=\"https:\/\/www.komuso.es\/kekorto\/wp-content\/uploads\/2013\/03\/icono_precio.png\"><img loading=\"lazy\" decoding=\"async\" class=\"alignleft size-full wp-image-3671\" title=\"Cercenador Icono precio 2,50 \u20ac\" src=\"https:\/\/www.komuso.es\/kekorto\/wp-content\/uploads\/2013\/03\/icono_precio.png\" alt=\"Cercenador Icono precio 2,50 \u20ac\" width=\"150\" height=\"150\" srcset=\"https:\/\/www.komuso.es\/kekorto\/wp-content\/uploads\/2013\/03\/icono_precio.png 185w, https:\/\/www.komuso.es\/kekorto\/wp-content\/uploads\/2013\/03\/icono_precio-150x150.png 150w\" sizes=\"(max-width: 150px) 100vw, 150px\" \/><\/a><\/strong><\/p>\n<h4>EL PRECIO<\/h4>\n<p><strong>PVP recomendado: 2,50 \u20ac<\/strong><br \/>\nCercenador es un c\u00f3mic editado por los propios autores y financiado de su bolsillo.<br \/>\nSe ha intentado reducir al m\u00e1ximo el precio para poder conseguir un importe de venta atractivo y poder llegar al m\u00e1ximo n\u00famero de lectores.<br \/>\nLa intenci\u00f3n es cubrir gastos y no perder dinero para poder ofrecerte nuevas historias.<br \/>\nCercenador es un c\u00f3mic autoeditado, fruto el esfuerzo personal de sus creadores, pero puedes colaborar con nosotros haci\u00e9ndote con tu copia, promocionando el proyecto entre tus amigos o apoy\u00e1ndonos en nuevas aventuras.<\/p><\/blockquote>\n<h4>C\u00d3MO CONSEGUIRLO<\/h4>\n<h3>EN PAPEL<\/h3>\n<p><a href=\"https:\/\/www.komuso.es\/kekorto\/wp-content\/uploads\/2013\/03\/originales_cercenador.jpg\"><img loading=\"lazy\" decoding=\"async\" class=\"alignleft size-full wp-image-3733\" title=\"Originales Cercenador\" src=\"https:\/\/www.komuso.es\/kekorto\/wp-content\/uploads\/2013\/03\/originales_cercenador.jpg\" alt=\"Originales Cercenador\" width=\"120\" height=\"220\" \/><\/a><br \/>\n<strong>Si eres distribuidor<\/strong><br \/>\nReserva las copias que vayas a distribuir y no te quedar\u00e1s sin ellas.<\/p>\n<p><strong>Si eres una tienda<\/strong><br \/>\nPronto alguien aparecer\u00e1 por tu tienda para darte a conocer \u201cCercenador\u201d. Si no puedes esperar, m\u00e1ndanos un email y te pondremos el primero en la lista.<\/p>\n<p><strong>Si eres un particular<\/strong><br \/>\nSi no has encontrado \u201cCercenador\u201d en tu librer\u00eda habitual m\u00e1ndanos un email y te explicaremos detalladamente como hacerte con tu copia.<\/p>\n<p>Aqu\u00ed est\u00e1 la lista de las tiendas que tienen a la venta copias de Cercenador. Se actualiza regularmente.<\/p>\n<p>&#8211; Akira C\u00f3mics <a href=\"http:\/\/www.akiracomics.com\/\">http:\/\/www.akiracomics.com\/<\/a><br \/>\nC\/ Avenida Betanzos 74, Madrid. Metro Avenida de la Ilustraci\u00f3n<br \/>\n&#8211; Atl\u00e1ntica C\u00f3mics <a href=\"http:\/\/www.atlantica30.com\/\">http:\/\/www.atlantica30.com\/<\/a><br \/>\nC\/ Estrella 18, Madrid. Metro Callao<br \/>\n&#8211; Atom C\u00f3mics <a href=\"http:\/\/www.atomcomics.net\/\">http:\/\/www.atomcomics.net\/<\/a><br \/>\nC\/ Feijoo 11, Madrid. Metro Quevedo<br \/>\n&#8211; Crisis Legan\u00e9s C\u00f3mics <a href=\"http:\/\/www.crisisleganescomics.com\/\">http:\/\/www.crisisleganescomics.com\/<\/a><br \/>\nC\/ Avenida de Europa 57, Legan\u00e9s (Madrid)<br \/>\n&#8211; Elektra C\u00f3mic <a href=\"http:\/\/elektracomic.com\/\">http:\/\/elektracomic.com\/<\/a><br \/>\nC\/ San Bernardo 20, Madrid. Metro San Bernardo<br \/>\n&#8211; Madrid Comics <a href=\"http:\/\/madridcomics.blogspot.com.es\/\">http:\/\/madridcomics.blogspot.com.es\/<\/a><br \/>\nC\/ Silva 17, Madrid. Metro Callao<br \/>\n<span style=\"color: #ff0000;\">NUEVO!<\/span> &#8211; El Mono Ara\u00f1a <a href=\"http:\/\/www.xn--elmono-araa-beb.com\/\">http:\/\/www.xn--elmono-araa-beb.com\/<\/a><br \/>\nC\/ Pe\u00f1uelas 14, Madrid. Metro Embajadores<br \/>\n&#8211; Ultimate Comics <a href=\"http:\/\/www.ultimatecomics.es\/\">http:\/\/www.ultimatecomics.es\/<\/a><br \/>\nC\/ Elfo 120, Madrid. Metro Pueblo Nuevo<\/p>\n<h3>EN INTERNET<\/h3>\n<p><strong>Copia digital<\/strong><br \/>\nYa estamos trabajando en la versi\u00f3n electr\u00f3nica de \u201cCercenador\u201d, tanto para e-book como para tablet.<br \/>\nM\u00e1ndanos un email y te explicaremos detalladamente c\u00f3mo hacerte con tu copia. Adem\u00e1s, pronto podr\u00e1s descargar tu copia desde las plataformas m\u00e1s conocidas.<\/p>\n<h4>PREVIEW<\/h4>\n<p><a href=\"https:\/\/www.komuso.es\/kekorto\/wp-content\/uploads\/2013\/03\/preview.jpg\"><img loading=\"lazy\" decoding=\"async\" class=\"alignleft wp-image-3736\" title=\"Preview Cercenador\" src=\"https:\/\/www.komuso.es\/kekorto\/wp-content\/uploads\/2013\/03\/preview.jpg\" alt=\"Preview Cercenador\" width=\"750\" height=\"919\" srcset=\"https:\/\/www.komuso.es\/kekorto\/wp-content\/uploads\/2013\/03\/preview.jpg 600w, https:\/\/www.komuso.es\/kekorto\/wp-content\/uploads\/2013\/03\/preview-244x300.jpg 244w\" sizes=\"(max-width: 750px) 100vw, 750px\" \/><\/a><\/p>\n<blockquote><p><a href=\"https:\/\/www.komuso.es\/kekorto\/wp-content\/uploads\/2013\/03\/contacto_backup.jpg\"><img loading=\"lazy\" decoding=\"async\" class=\"alignleft size-full wp-image-3708\" title=\"Contacto Backup\" src=\"https:\/\/www.komuso.es\/kekorto\/wp-content\/uploads\/2013\/03\/contacto_backup.jpg\" alt=\"Contacto Backup\" width=\"150\" height=\"400\" srcset=\"https:\/\/www.komuso.es\/kekorto\/wp-content\/uploads\/2013\/03\/contacto_backup.jpg 150w, https:\/\/www.komuso.es\/kekorto\/wp-content\/uploads\/2013\/03\/contacto_backup-112x300.jpg 112w\" sizes=\"(max-width: 150px) 100vw, 150px\" \/><\/a><\/p>\n<h4>CONTACTO<\/h4>\n<p><strong>Alberto Ballester<\/strong><br \/>\n<a href=\"http:\/\/capitancustom.larebelion.com\/\">capitancustom.larebelion.com<\/a><br \/>\n<a href=\"https:\/\/twitter.com\/capitancustom\">@capitancustom<\/a><\/p>\n<p><strong>Alberto Silva<\/strong><br \/>\n<a href=\"http:\/\/www.albertosilva.es\">albertosilva.es<\/a><br \/>\n<a href=\"https:\/\/twitter.com\/PencilInPain\">@PencilInPain<\/a><\/p>\n<p><strong>Kekorto<\/strong><br \/>\n<a href=\"http:\/\/www.kekorto.es\">kekorto.es<\/a><br \/>\n<a href=\"https:\/\/twitter.com\/kekorto\">@kekorto<\/a><br \/>\n<a href=\"mailto:kekorto@komuso.es\">kekorto@komuso.es<\/a><\/p>\n<p><strong>Mike stanton<\/strong><br \/>\n<a href=\"http:\/\/cercenador.blogspot.com.es\/\">cercenador.blogspot.com.es<\/a><br \/>\n<a href=\"https:\/\/twitter.com\/Cercenadorcomic\">@Cercenadorcomic<\/a><br \/>\n<a href=\"mailto:cercenador@gmail.com\">cercenador@gmail.com<\/a><\/p><\/blockquote>\n<p>\u201cCERCENADOR, CORTA Y PEGA\u201d Y TODOS LOS NOMBRES Y PERSONAJES RELACIONADOS, SON COPYRIGHT \u00a9 2005-2013 ALBERTO BALLESTER Y ALBERTO J. SILVA. TODOS LOS DERECHOS RESERVADOS.<\/p>\n","protected":false},"excerpt":{"rendered":"<div class=\"mh-excerpt\"><p>Puede que Stanton ya no sea un tipo musculado y estiloso. Seguramente no entre en ning\u00fan traje de lycra. Pero tiempo atr\u00e1s fue despiadado y <a class=\"mh-excerpt-more\" href=\"https:\/\/www.komuso.es\/kekorto\/cercenador-prensa\/\" title=\"Cercenador &#8211; Prensa\">[&#8230;]<\/a><\/p>\n<\/div>","protected":false},"author":1,"featured_media":3654,"parent":0,"menu_order":0,"comment_status":"closed","ping_status":"open","template":"","meta":{"footnotes":""},"_links":{"self":[{"href":"https:\/\/www.komuso.es\/kekorto\/wp-json\/wp\/v2\/pages\/3619"}],"collection":[{"href":"https:\/\/www.komuso.es\/kekorto\/wp-json\/wp\/v2\/pages"}],"about":[{"href":"https:\/\/www.komuso.es\/kekorto\/wp-json\/wp\/v2\/types\/page"}],"author":[{"embeddable":true,"href":"https:\/\/www.komuso.es\/kekorto\/wp-json\/wp\/v2\/users\/1"}],"replies":[{"embeddable":true,"href":"https:\/\/www.komuso.es\/kekorto\/wp-json\/wp\/v2\/comments?post=3619"}],"version-history":[{"count":3,"href":"https:\/\/www.komuso.es\/kekorto\/wp-json\/wp\/v2\/pages\/3619\/revisions"}],"predecessor-version":[{"id":4160,"href":"https:\/\/www.komuso.es\/kekorto\/wp-json\/wp\/v2\/pages\/3619\/revisions\/4160"}],"wp:featuredmedia":[{"embeddable":true,"href":"https:\/\/www.komuso.es\/kekorto\/wp-json\/wp\/v2\/media\/3654"}],"wp:attachment":[{"href":"https:\/\/www.komuso.es\/kekorto\/wp-json\/wp\/v2\/media?parent=3619"}],"curies":[{"name":"wp","href":"https:\/\/api.w.org\/{rel}","templated":true}]}}