{"id":3922,"date":"2014-01-27T12:18:42","date_gmt":"2014-01-27T10:18:42","guid":{"rendered":"http:\/\/www.kekorto.es\/?page_id=3922"},"modified":"2014-01-27T12:18:42","modified_gmt":"2014-01-27T10:18:42","slug":"conchill","status":"publish","type":"page","link":"https:\/\/www.komuso.es\/kekorto\/equipo\/conchill\/","title":{"rendered":"ConchiLL"},"content":{"rendered":"<p><strong>Con su hipocor\u00edstico siempre por bandera, Conchi Llorente se presenta como una licenciada m\u00e1s salida de la Facultad de Ciencias de la Informaci\u00f3n. Desde entonces, ha realizado breves periplos por la radio y la televisi\u00f3n que han terminado por llevarla al mundo editorial. Entre revistas, se ha ido especializando en los \u00e1mbitos econ\u00f3mico-empresarial y de la salud. Hoy, mientras busca su oportunidad definitiva, mira c\u00f3mo los rayos de sol atraviesan las ventanas cuando se entretiene juntando letras en diversos blogs, y resiste al temporal actual gracias a su gusto y afecto por los textiles de \u00edndole sueca.<\/strong><\/p>\n<p><a href=\"https:\/\/www.komuso.es\/kekorto\/wp-content\/uploads\/2014\/01\/2.jpg\"><img loading=\"lazy\" decoding=\"async\" src=\"https:\/\/www.komuso.es\/kekorto\/wp-content\/uploads\/2014\/01\/2.jpg\" alt=\"imagen CochiLL\" title=\"2\" width=\"595\" height=\"198\" class=\"aligncenter size-full wp-image-3923\" srcset=\"https:\/\/www.komuso.es\/kekorto\/wp-content\/uploads\/2014\/01\/2.jpg 595w, https:\/\/www.komuso.es\/kekorto\/wp-content\/uploads\/2014\/01\/2-300x99.jpg 300w\" sizes=\"(max-width: 595px) 100vw, 595px\" \/><\/a><\/p>\n<p><strong>Filias:<\/strong> mirar por la ventana, so\u00f1ar despierta, andar, montar en bicicleta, las personas que se quedan conmigo cuando nadie quiere hacerlo, la amistad, cantar bajo la lluvia, farolas en las noches de mucha oscuridad, los buenos conciertos, los abrazos de m\u00e1s de diez segundos, contar contigo en lo malo y en lo bueno, Momo, ir de compras con mi hermana, cualquier pel\u00edcula acompa\u00f1ada de batamanta, sof\u00e1 y palomitas, escuchar m\u00fasica a todo volumen cuando hago limpieza general, mis hermanos, las tortugas, las cenitas, ir al cine, al teatro, a los musicales, perderme por el centro de Madrid, descubrir \u00abobras de arte\u00bb en cualquier momento, lugar&#8230; en esas peque\u00f1as cosas, el zumo en cantidades industriales, tumbarme en el c\u00e9sped y sentir el calorcito del sol en mi piel, mis padres, los elefantes, viajar a cualquier lugar, los pueblos de Espa\u00f1a, el senderismo, explorar, las buenas gentes, las risas, la luna en todas sus fases, tocar la flauta, las estrellas, mi sobrina Vega, el helado de chocolate, que me des la mano y me ayudes a levantarme cuando tropiezo y me caigo, los libros, las revistas, la honestidad, aprender, tu sonrisa, la m\u00eda, la energ\u00eda positiva, la paz, todos los momentos que me hacen feliz y que te hacen feliz&#8230; Y sobre todo, escribir lo que sea, donde sea, cuando sea y como sea :-). <\/p>\n<p><strong>Fobias:<\/strong> los ascensores, las serpientes, las mentiras, la manipulaci\u00f3n, el ego\u00edsmo, la maldad, las malas gentes, las guerras, las decepciones, la frustraci\u00f3n, la impotencia, el dolor, que me fallen las personas que me importan, la ceguera, la oscuridad, cruzar la calle, caerme, el paro, las crisis, el hambre, la violencia, la indiferencia, el machismo, el \u00abS\u00e1lvame\u00bb en todas sus modalidades, la prensa amarilla, los malos olores, que se me meta algo en el ojo y salte una lentilla por los aires (que son muy caras), el desamor, las pesadillas, Bel\u00e9n Esteban, la basura, la contaminaci\u00f3n, el insomnio, las enfermedades, perder la ilusi\u00f3n, los ruidos extra\u00f1os en la madrugada, los banqueros, el dinero, la ambici\u00f3n, la mala competencia, perderte sin saber por qu\u00e9, hacer da\u00f1o sin darme cuenta, la gente que no para de quejarse, los malos humos, la soledad.<\/p>\n<p><strong>Twitter:<\/strong> @<a href=\"https:\/\/twitter.com\/conchillorente\">conchillorente<\/a><\/p>\n<p><strong>Blog:<\/strong> <a href=\"http:\/\/supertupper.blogspot.com.es\/\">http:\/\/supertupper.blogspot.com.es\/<\/a><\/p>\n<p><strong>Curr\u00edculo:<\/strong> <a href=\"http:\/\/www.linkedin.com\/profile\/view?id=61445789&#038;locale=es_ES&#038;trk=tyah&#038;trkInfo=tas%3Aconchi%2Cidx%3A1-1-1\">linkedin<\/a><\/p>\n<p><strong>Kekortos:<\/strong> <a href=\"https:\/\/www.komuso.es\/kekorto\/author\/ConchiLL\/\">https:\/\/www.komuso.es\/kekorto\/author\/ConchiLL\/<\/a><\/p>\n","protected":false},"excerpt":{"rendered":"<div class=\"mh-excerpt\"><p>Con su hipocor\u00edstico siempre por bandera, Conchi Llorente se presenta como una licenciada m\u00e1s salida de la Facultad de Ciencias de la Informaci\u00f3n. Desde entonces, <a class=\"mh-excerpt-more\" href=\"https:\/\/www.komuso.es\/kekorto\/equipo\/conchill\/\" title=\"ConchiLL\">[&#8230;]<\/a><\/p>\n<\/div>","protected":false},"author":6,"featured_media":0,"parent":126,"menu_order":0,"comment_status":"open","ping_status":"open","template":"","meta":{"footnotes":""},"_links":{"self":[{"href":"https:\/\/www.komuso.es\/kekorto\/wp-json\/wp\/v2\/pages\/3922"}],"collection":[{"href":"https:\/\/www.komuso.es\/kekorto\/wp-json\/wp\/v2\/pages"}],"about":[{"href":"https:\/\/www.komuso.es\/kekorto\/wp-json\/wp\/v2\/types\/page"}],"author":[{"embeddable":true,"href":"https:\/\/www.komuso.es\/kekorto\/wp-json\/wp\/v2\/users\/6"}],"replies":[{"embeddable":true,"href":"https:\/\/www.komuso.es\/kekorto\/wp-json\/wp\/v2\/comments?post=3922"}],"version-history":[{"count":0,"href":"https:\/\/www.komuso.es\/kekorto\/wp-json\/wp\/v2\/pages\/3922\/revisions"}],"up":[{"embeddable":true,"href":"https:\/\/www.komuso.es\/kekorto\/wp-json\/wp\/v2\/pages\/126"}],"wp:attachment":[{"href":"https:\/\/www.komuso.es\/kekorto\/wp-json\/wp\/v2\/media?parent=3922"}],"curies":[{"name":"wp","href":"https:\/\/api.w.org\/{rel}","templated":true}]}}